{"id":8,"date":"2024-10-20T21:31:21","date_gmt":"2024-10-20T21:31:21","guid":{"rendered":"https:\/\/textes.com\/sites\/ipag\/bch3\/ardilly\/cart\/"},"modified":"2025-11-24T15:00:18","modified_gmt":"2025-11-24T15:00:18","slug":"panier","status":"publish","type":"page","link":"https:\/\/textes.com\/sites\/ipag\/bch3\/ardilly\/panier\/","title":{"rendered":"Panier"},"content":{"rendered":"\t\t<div data-elementor-type=\"wp-page\" data-elementor-id=\"8\" class=\"elementor elementor-8\" data-elementor-post-type=\"page\">\n\t\t\t\t\t\t<section class=\"elementor-section elementor-top-section elementor-element elementor-element-5e8dd23a elementor-section-boxed elementor-section-height-default elementor-section-height-default wpr-particle-no wpr-jarallax-no wpr-parallax-no wpr-sticky-section-no\" data-id=\"5e8dd23a\" data-element_type=\"section\" data-e-type=\"section\">\n\t\t\t\t\t\t<div class=\"elementor-container elementor-column-gap-default\">\n\t\t\t\t\t<div class=\"elementor-column elementor-col-100 elementor-top-column elementor-element elementor-element-555e3445\" data-id=\"555e3445\" data-element_type=\"column\" data-e-type=\"column\">\n\t\t\t<div class=\"elementor-widget-wrap elementor-element-populated\">\n\t\t\t\t\t\t<div class=\"elementor-element elementor-element-290ad6ab elementor-widget elementor-widget-text-editor\" data-id=\"290ad6ab\" data-element_type=\"widget\" data-e-type=\"widget\" data-widget_type=\"text-editor.default\">\n\t\t\t\t<div class=\"elementor-widget-container\">\n\t\t\t\t\t\t\t\t\t\n<div data-block-name=\"woocommerce\/cart\" class=\"wp-block-woocommerce-cart alignwide is-loading\">\n<div data-block-name=\"woocommerce\/filled-cart-block\" class=\"wp-block-woocommerce-filled-cart-block\">\n<div data-block-name=\"woocommerce\/cart-items-block\" class=\"wp-block-woocommerce-cart-items-block\">\n<div data-block-name=\"woocommerce\/cart-line-items-block\" class=\"wp-block-woocommerce-cart-line-items-block\">\u00a0<\/div>\n\n<div data-block-name=\"woocommerce\/cart-cross-sells-block\" class=\"wp-block-woocommerce-cart-cross-sells-block\">\n<h2 class=\"wp-block-heading has-large-font-size\">Vous pouvez aussi \u00eatre int\u00e9ress\u00e9 par<\/h2>\n\n<div data-block-name=\"woocommerce\/cart-cross-sells-products-block\" class=\"wp-block-woocommerce-cart-cross-sells-products-block\">\u00a0<\/div>\n<\/div>\n<\/div>\n\n<div data-block-name=\"woocommerce\/cart-totals-block\" class=\"wp-block-woocommerce-cart-totals-block\">\n<div data-block-name=\"woocommerce\/cart-order-summary-block\" class=\"wp-block-woocommerce-cart-order-summary-block\">\n<div data-block-name=\"woocommerce\/cart-order-summary-heading-block\" class=\"wp-block-woocommerce-cart-order-summary-heading-block\">\u00a0<\/div><div data-block-name=\"woocommerce\/cart-order-summary-coupon-form-block\" class=\"wp-block-woocommerce-cart-order-summary-coupon-form-block\">\u00a0<\/div><div data-block-name=\"woocommerce\/cart-order-summary-totals-block\" class=\"wp-block-woocommerce-cart-order-summary-totals-block\">\n<div data-block-name=\"woocommerce\/cart-order-summary-subtotal-block\" class=\"wp-block-woocommerce-cart-order-summary-subtotal-block\">\u00a0<\/div>\n<div data-block-name=\"woocommerce\/cart-order-summary-discount-block\" class=\"wp-block-woocommerce-cart-order-summary-discount-block\">\u00a0<\/div>\n<div data-block-name=\"woocommerce\/cart-order-summary-fee-block\" class=\"wp-block-woocommerce-cart-order-summary-fee-block\">\u00a0<\/div>\n<div data-block-name=\"woocommerce\/cart-order-summary-shipping-block\" class=\"wp-block-woocommerce-cart-order-summary-shipping-block\">\u00a0<\/div>\n<div data-block-name=\"woocommerce\/cart-order-summary-taxes-block\" class=\"wp-block-woocommerce-cart-order-summary-taxes-block\">\u00a0<\/div><\/div>\n<\/div>\n\n<div data-block-name=\"woocommerce\/cart-express-payment-block\" class=\"wp-block-woocommerce-cart-express-payment-block\">\u00a0<\/div>\n\n<div data-block-name=\"woocommerce\/proceed-to-checkout-block\" class=\"wp-block-woocommerce-proceed-to-checkout-block\">\u00a0<\/div>\n\n<div data-block-name=\"woocommerce\/cart-accepted-payment-methods-block\" class=\"wp-block-woocommerce-cart-accepted-payment-methods-block\">\u00a0<\/div>\n<\/div>\n<\/div>\n\n<div data-block-name=\"woocommerce\/empty-cart-block\" class=\"wp-block-woocommerce-empty-cart-block\">\n<h2 class=\"wp-block-heading has-text-align-center with-empty-cart-icon wc-block-cart__empty-cart__title\">Votre panier est vide pour le moment !<\/h2>\n<hr class=\"wp-block-separator has-alpha-channel-opacity is-style-dots\" \/>\n<h2 class=\"wp-block-heading has-text-align-center\">Nos nouveaux produits<\/h2>\n<div data-block-name=\"woocommerce\/product-new\" data-columns=\"4\" data-rows=\"1\" class=\"wc-block-grid wp-block-product-new wp-block-woocommerce-product-new wc-block-product-new has-4-columns\"><ul class=\"wc-block-grid__products\"><li class=\"wc-block-grid__product\">\n\t\t\t\t<a href=\"https:\/\/textes.com\/sites\/ipag\/bch3\/ardilly\/boutique\/pack-mma-starter-online\/\" class=\"wc-block-grid__product-link\">\n\t\t\t\t\t\n\t\t\t\t\t<div class=\"wc-block-grid__product-image\"><img fetchpriority=\"high\" decoding=\"async\" width=\"300\" height=\"300\" src=\"https:\/\/textes.com\/sites\/ipag\/bch3\/ardilly\/wp-content\/uploads\/2025\/10\/Pack-MMA-Online-500x500-1-300x300.webp\" class=\"attachment-woocommerce_thumbnail size-woocommerce_thumbnail\" alt=\"Pack-MMA-Online 500x500\" srcset=\"https:\/\/textes.com\/sites\/ipag\/bch3\/ardilly\/wp-content\/uploads\/2025\/10\/Pack-MMA-Online-500x500-1-300x300.webp 300w, https:\/\/textes.com\/sites\/ipag\/bch3\/ardilly\/wp-content\/uploads\/2025\/10\/Pack-MMA-Online-500x500-1-150x150.webp 150w, https:\/\/textes.com\/sites\/ipag\/bch3\/ardilly\/wp-content\/uploads\/2025\/10\/Pack-MMA-Online-500x500-1-100x100.webp 100w, https:\/\/textes.com\/sites\/ipag\/bch3\/ardilly\/wp-content\/uploads\/2025\/10\/Pack-MMA-Online-500x500-1.webp 500w\" sizes=\"(max-width: 300px) 100vw, 300px\" \/><\/div>\n\t\t\t\t\t<div class=\"wc-block-grid__product-title\">Pack MMA Online<\/div>\n\t\t\t\t<\/a>\n\t\t\t\t<div class=\"wc-block-grid__product-price price\"><span class=\"woocommerce-Price-amount amount\">149,00&nbsp;<span class=\"woocommerce-Price-currencySymbol\">&euro;<\/span><\/span><\/div>\n\t\t\t\t\n\t\t\t\t<div class=\"wp-block-button wc-block-grid__product-add-to-cart\"><a href=\"\/sites\/ipag\/bch3\/ardilly\/wp-json\/wp\/v2\/pages\/8?add-to-cart=158\" aria-label=\"Ajouter au panier\u00a0: &ldquo;Pack MMA Online&rdquo;\" data-quantity=\"1\" data-product_id=\"158\" data-product_sku=\"\" data-price=\"149\" rel=\"nofollow\" class=\"wp-block-button__link  add_to_cart_button ajax_add_to_cart\">Ajouter au panier<\/a><\/div>\n\t\t\t<\/li><li class=\"wc-block-grid__product\">\n\t\t\t\t<a href=\"https:\/\/textes.com\/sites\/ipag\/bch3\/ardilly\/boutique\/pack-mma-technique-au-sol\/\" class=\"wc-block-grid__product-link\">\n\t\t\t\t\t\n\t\t\t\t\t<div class=\"wc-block-grid__product-image\"><img decoding=\"async\" width=\"300\" height=\"300\" src=\"https:\/\/textes.com\/sites\/ipag\/bch3\/ardilly\/wp-content\/uploads\/2025\/10\/Pack-MMA-Technique-au-Sol-500x500-1-300x300.webp\" class=\"attachment-woocommerce_thumbnail size-woocommerce_thumbnail\" alt=\"Pack-MMA-Technique-au-Sol 500x500\" srcset=\"https:\/\/textes.com\/sites\/ipag\/bch3\/ardilly\/wp-content\/uploads\/2025\/10\/Pack-MMA-Technique-au-Sol-500x500-1-300x300.webp 300w, https:\/\/textes.com\/sites\/ipag\/bch3\/ardilly\/wp-content\/uploads\/2025\/10\/Pack-MMA-Technique-au-Sol-500x500-1-150x150.webp 150w, https:\/\/textes.com\/sites\/ipag\/bch3\/ardilly\/wp-content\/uploads\/2025\/10\/Pack-MMA-Technique-au-Sol-500x500-1-100x100.webp 100w, https:\/\/textes.com\/sites\/ipag\/bch3\/ardilly\/wp-content\/uploads\/2025\/10\/Pack-MMA-Technique-au-Sol-500x500-1.webp 500w\" sizes=\"(max-width: 300px) 100vw, 300px\" \/><\/div>\n\t\t\t\t\t<div class=\"wc-block-grid__product-title\">Pack MMA Technique au Sol<\/div>\n\t\t\t\t<\/a>\n\t\t\t\t<div class=\"wc-block-grid__product-price price\"><span class=\"woocommerce-Price-amount amount\">199,00&nbsp;<span class=\"woocommerce-Price-currencySymbol\">&euro;<\/span><\/span><\/div>\n\t\t\t\t\n\t\t\t\t<div class=\"wp-block-button wc-block-grid__product-add-to-cart\"><a href=\"\/sites\/ipag\/bch3\/ardilly\/wp-json\/wp\/v2\/pages\/8?add-to-cart=153\" aria-label=\"Ajouter au panier\u00a0: &ldquo;Pack MMA Technique au Sol&rdquo;\" data-quantity=\"1\" data-product_id=\"153\" data-product_sku=\"\" data-price=\"199\" rel=\"nofollow\" class=\"wp-block-button__link  add_to_cart_button ajax_add_to_cart\">Ajouter au panier<\/a><\/div>\n\t\t\t<\/li><li class=\"wc-block-grid__product\">\n\t\t\t\t<a href=\"https:\/\/textes.com\/sites\/ipag\/bch3\/ardilly\/boutique\/pack-mma-combat-sparring-supervise\/\" class=\"wc-block-grid__product-link\">\n\t\t\t\t\t\n\t\t\t\t\t<div class=\"wc-block-grid__product-image\"><img decoding=\"async\" width=\"300\" height=\"300\" src=\"https:\/\/textes.com\/sites\/ipag\/bch3\/ardilly\/wp-content\/uploads\/2025\/10\/Pack-sparring-MMA-supervise-500x500-1-300x300.webp\" class=\"attachment-woocommerce_thumbnail size-woocommerce_thumbnail\" alt=\"Pack MMA Combat - Sparring supervis\u00e9\" srcset=\"https:\/\/textes.com\/sites\/ipag\/bch3\/ardilly\/wp-content\/uploads\/2025\/10\/Pack-sparring-MMA-supervise-500x500-1-300x300.webp 300w, https:\/\/textes.com\/sites\/ipag\/bch3\/ardilly\/wp-content\/uploads\/2025\/10\/Pack-sparring-MMA-supervise-500x500-1-150x150.webp 150w, https:\/\/textes.com\/sites\/ipag\/bch3\/ardilly\/wp-content\/uploads\/2025\/10\/Pack-sparring-MMA-supervise-500x500-1-100x100.webp 100w, https:\/\/textes.com\/sites\/ipag\/bch3\/ardilly\/wp-content\/uploads\/2025\/10\/Pack-sparring-MMA-supervise-500x500-1.webp 500w\" sizes=\"(max-width: 300px) 100vw, 300px\" \/><\/div>\n\t\t\t\t\t<div class=\"wc-block-grid__product-title\">Pack MMA Combat - Sparring supervis\u00e9<\/div>\n\t\t\t\t<\/a>\n\t\t\t\t<div class=\"wc-block-grid__product-price price\"><span class=\"woocommerce-Price-amount amount\">269,00&nbsp;<span class=\"woocommerce-Price-currencySymbol\">&euro;<\/span><\/span><\/div>\n\t\t\t\t\n\t\t\t\t<div class=\"wp-block-button wc-block-grid__product-add-to-cart\"><a href=\"\/sites\/ipag\/bch3\/ardilly\/wp-json\/wp\/v2\/pages\/8?add-to-cart=142\" aria-label=\"Ajouter au panier\u00a0: &ldquo;Pack MMA Combat - Sparring supervis\u00e9&rdquo;\" data-quantity=\"1\" data-product_id=\"142\" data-product_sku=\"\" data-price=\"269\" rel=\"nofollow\" class=\"wp-block-button__link  add_to_cart_button ajax_add_to_cart\">Ajouter au panier<\/a><\/div>\n\t\t\t<\/li><li class=\"wc-block-grid__product\">\n\t\t\t\t<a href=\"https:\/\/textes.com\/sites\/ipag\/bch3\/ardilly\/boutique\/pack-mma-nutrition-recuperation\/\" class=\"wc-block-grid__product-link\">\n\t\t\t\t\t\n\t\t\t\t\t<div class=\"wc-block-grid__product-image\"><img loading=\"lazy\" decoding=\"async\" width=\"300\" height=\"300\" src=\"https:\/\/textes.com\/sites\/ipag\/bch3\/ardilly\/wp-content\/uploads\/2025\/10\/Pack-MMA-Nutrition-Recuperation-500x500-1-300x300.webp\" class=\"attachment-woocommerce_thumbnail size-woocommerce_thumbnail\" alt=\"Pack-MMA-Nutrition-Recuperation 500x500\" srcset=\"https:\/\/textes.com\/sites\/ipag\/bch3\/ardilly\/wp-content\/uploads\/2025\/10\/Pack-MMA-Nutrition-Recuperation-500x500-1-300x300.webp 300w, https:\/\/textes.com\/sites\/ipag\/bch3\/ardilly\/wp-content\/uploads\/2025\/10\/Pack-MMA-Nutrition-Recuperation-500x500-1-150x150.webp 150w, https:\/\/textes.com\/sites\/ipag\/bch3\/ardilly\/wp-content\/uploads\/2025\/10\/Pack-MMA-Nutrition-Recuperation-500x500-1-100x100.webp 100w, https:\/\/textes.com\/sites\/ipag\/bch3\/ardilly\/wp-content\/uploads\/2025\/10\/Pack-MMA-Nutrition-Recuperation-500x500-1.webp 500w\" sizes=\"(max-width: 300px) 100vw, 300px\" \/><\/div>\n\t\t\t\t\t<div class=\"wc-block-grid__product-title\">Pack MMA Nutrition &amp; R\u00e9cup\u00e9ration<\/div>\n\t\t\t\t<\/a>\n\t\t\t\t<div class=\"wc-block-grid__product-price price\"><span class=\"woocommerce-Price-amount amount\">179,00&nbsp;<span class=\"woocommerce-Price-currencySymbol\">&euro;<\/span><\/span><\/div>\n\t\t\t\t\n\t\t\t\t<div class=\"wp-block-button wc-block-grid__product-add-to-cart\"><a href=\"\/sites\/ipag\/bch3\/ardilly\/wp-json\/wp\/v2\/pages\/8?add-to-cart=131\" aria-label=\"Ajouter au panier\u00a0: &ldquo;Pack MMA Nutrition &amp; R\u00e9cup\u00e9ration&rdquo;\" data-quantity=\"1\" data-product_id=\"131\" data-product_sku=\"\" data-price=\"179\" rel=\"nofollow\" class=\"wp-block-button__link  add_to_cart_button ajax_add_to_cart\">Ajouter au panier<\/a><\/div>\n\t\t\t<\/li><\/ul><\/div><\/div>\n<\/div>\n\t\t\t\t\t\t\t\t<\/div>\n\t\t\t\t<\/div>\n\t\t\t\t\t<\/div>\n\t\t<\/div>\n\t\t\t\t\t<\/div>\n\t\t<\/section>\n\t\t\t\t<section class=\"elementor-section elementor-top-section elementor-element elementor-element-3da10c9 elementor-section-boxed elementor-section-height-default elementor-section-height-default wpr-particle-no wpr-jarallax-no wpr-parallax-no wpr-sticky-section-no\" data-id=\"3da10c9\" data-element_type=\"section\" data-e-type=\"section\">\n\t\t\t\t\t\t<div class=\"elementor-container elementor-column-gap-default\">\n\t\t\t\t\t<div class=\"elementor-column elementor-col-100 elementor-top-column elementor-element elementor-element-ae049ce\" data-id=\"ae049ce\" data-element_type=\"column\" data-e-type=\"column\">\n\t\t\t<div class=\"elementor-widget-wrap elementor-element-populated\">\n\t\t\t\t\t\t\t<\/div>\n\t\t<\/div>\n\t\t\t\t\t<\/div>\n\t\t<\/section>\n\t\t\t\t<\/div>\n\t\t","protected":false},"excerpt":{"rendered":"","protected":false},"author":1,"featured_media":0,"parent":0,"menu_order":0,"comment_status":"closed","ping_status":"closed","template":"","meta":{"footnotes":""},"class_list":["post-8","page","type-page","status-publish"],"yoast_head":"<!-- This site is optimized with the Yoast SEO plugin v27.5 - https:\/\/yoast.com\/product\/yoast-seo-wordpress\/ -->\n<title>Panier - MMA Evolution<\/title>\n<meta name=\"robots\" content=\"index, follow, max-snippet:-1, max-image-preview:large, max-video-preview:-1\" \/>\n<link rel=\"canonical\" href=\"https:\/\/textes.com\/sites\/ipag\/bch3\/ardilly\/panier\/\" \/>\n<meta property=\"og:locale\" content=\"fr_FR\" \/>\n<meta property=\"og:type\" content=\"article\" \/>\n<meta property=\"og:title\" content=\"Panier - MMA Evolution\" \/>\n<meta property=\"og:url\" content=\"https:\/\/textes.com\/sites\/ipag\/bch3\/ardilly\/panier\/\" \/>\n<meta property=\"og:site_name\" content=\"MMA Evolution\" \/>\n<meta property=\"article:modified_time\" content=\"2025-11-24T15:00:18+00:00\" \/>\n<meta name=\"twitter:card\" content=\"summary_large_image\" \/>\n<meta name=\"twitter:label1\" content=\"Dur\u00e9e de lecture estim\u00e9e\" \/>\n\t<meta name=\"twitter:data1\" content=\"1 minute\" \/>\n<script type=\"application\/ld+json\" class=\"yoast-schema-graph\">{\"@context\":\"https:\\\/\\\/schema.org\",\"@graph\":[{\"@type\":\"WebPage\",\"@id\":\"https:\\\/\\\/textes.com\\\/sites\\\/ipag\\\/bch3\\\/ardilly\\\/panier\\\/\",\"url\":\"https:\\\/\\\/textes.com\\\/sites\\\/ipag\\\/bch3\\\/ardilly\\\/panier\\\/\",\"name\":\"Panier - MMA Evolution\",\"isPartOf\":{\"@id\":\"https:\\\/\\\/textes.com\\\/sites\\\/ipag\\\/bch3\\\/ardilly\\\/#website\"},\"datePublished\":\"2024-10-20T21:31:21+00:00\",\"dateModified\":\"2025-11-24T15:00:18+00:00\",\"breadcrumb\":{\"@id\":\"https:\\\/\\\/textes.com\\\/sites\\\/ipag\\\/bch3\\\/ardilly\\\/panier\\\/#breadcrumb\"},\"inLanguage\":\"fr-FR\",\"potentialAction\":[{\"@type\":\"ReadAction\",\"target\":[\"https:\\\/\\\/textes.com\\\/sites\\\/ipag\\\/bch3\\\/ardilly\\\/panier\\\/\"]}]},{\"@type\":\"BreadcrumbList\",\"@id\":\"https:\\\/\\\/textes.com\\\/sites\\\/ipag\\\/bch3\\\/ardilly\\\/panier\\\/#breadcrumb\",\"itemListElement\":[{\"@type\":\"ListItem\",\"position\":1,\"name\":\"Home\",\"item\":\"https:\\\/\\\/textes.com\\\/sites\\\/ipag\\\/bch3\\\/ardilly\\\/\"},{\"@type\":\"ListItem\",\"position\":2,\"name\":\"Panier\"}]},{\"@type\":\"WebSite\",\"@id\":\"https:\\\/\\\/textes.com\\\/sites\\\/ipag\\\/bch3\\\/ardilly\\\/#website\",\"url\":\"https:\\\/\\\/textes.com\\\/sites\\\/ipag\\\/bch3\\\/ardilly\\\/\",\"name\":\"MMA Evolution\",\"description\":\"La technique, le mental, la force\u2026 \u00e9voluez avec nous\",\"publisher\":{\"@id\":\"https:\\\/\\\/textes.com\\\/sites\\\/ipag\\\/bch3\\\/ardilly\\\/#organization\"},\"potentialAction\":[{\"@type\":\"SearchAction\",\"target\":{\"@type\":\"EntryPoint\",\"urlTemplate\":\"https:\\\/\\\/textes.com\\\/sites\\\/ipag\\\/bch3\\\/ardilly\\\/?s={search_term_string}\"},\"query-input\":{\"@type\":\"PropertyValueSpecification\",\"valueRequired\":true,\"valueName\":\"search_term_string\"}}],\"inLanguage\":\"fr-FR\"},{\"@type\":\"Organization\",\"@id\":\"https:\\\/\\\/textes.com\\\/sites\\\/ipag\\\/bch3\\\/ardilly\\\/#organization\",\"name\":\"MMA Evolution\",\"url\":\"https:\\\/\\\/textes.com\\\/sites\\\/ipag\\\/bch3\\\/ardilly\\\/\",\"logo\":{\"@type\":\"ImageObject\",\"inLanguage\":\"fr-FR\",\"@id\":\"https:\\\/\\\/textes.com\\\/sites\\\/ipag\\\/bch3\\\/ardilly\\\/#\\\/schema\\\/logo\\\/image\\\/\",\"url\":\"https:\\\/\\\/textes.com\\\/sites\\\/ipag\\\/bch3\\\/ardilly\\\/wp-content\\\/uploads\\\/2024\\\/10\\\/Logo-MMA-Evolution-e1761901718147.png\",\"contentUrl\":\"https:\\\/\\\/textes.com\\\/sites\\\/ipag\\\/bch3\\\/ardilly\\\/wp-content\\\/uploads\\\/2024\\\/10\\\/Logo-MMA-Evolution-e1761901718147.png\",\"width\":512,\"height\":517,\"caption\":\"MMA Evolution\"},\"image\":{\"@id\":\"https:\\\/\\\/textes.com\\\/sites\\\/ipag\\\/bch3\\\/ardilly\\\/#\\\/schema\\\/logo\\\/image\\\/\"}}]}<\/script>\n<!-- \/ Yoast SEO plugin. -->","yoast_head_json":{"title":"Panier - MMA Evolution","robots":{"index":"index","follow":"follow","max-snippet":"max-snippet:-1","max-image-preview":"max-image-preview:large","max-video-preview":"max-video-preview:-1"},"canonical":"https:\/\/textes.com\/sites\/ipag\/bch3\/ardilly\/panier\/","og_locale":"fr_FR","og_type":"article","og_title":"Panier - MMA Evolution","og_url":"https:\/\/textes.com\/sites\/ipag\/bch3\/ardilly\/panier\/","og_site_name":"MMA Evolution","article_modified_time":"2025-11-24T15:00:18+00:00","twitter_card":"summary_large_image","twitter_misc":{"Dur\u00e9e de lecture estim\u00e9e":"1 minute"},"schema":{"@context":"https:\/\/schema.org","@graph":[{"@type":"WebPage","@id":"https:\/\/textes.com\/sites\/ipag\/bch3\/ardilly\/panier\/","url":"https:\/\/textes.com\/sites\/ipag\/bch3\/ardilly\/panier\/","name":"Panier - MMA Evolution","isPartOf":{"@id":"https:\/\/textes.com\/sites\/ipag\/bch3\/ardilly\/#website"},"datePublished":"2024-10-20T21:31:21+00:00","dateModified":"2025-11-24T15:00:18+00:00","breadcrumb":{"@id":"https:\/\/textes.com\/sites\/ipag\/bch3\/ardilly\/panier\/#breadcrumb"},"inLanguage":"fr-FR","potentialAction":[{"@type":"ReadAction","target":["https:\/\/textes.com\/sites\/ipag\/bch3\/ardilly\/panier\/"]}]},{"@type":"BreadcrumbList","@id":"https:\/\/textes.com\/sites\/ipag\/bch3\/ardilly\/panier\/#breadcrumb","itemListElement":[{"@type":"ListItem","position":1,"name":"Home","item":"https:\/\/textes.com\/sites\/ipag\/bch3\/ardilly\/"},{"@type":"ListItem","position":2,"name":"Panier"}]},{"@type":"WebSite","@id":"https:\/\/textes.com\/sites\/ipag\/bch3\/ardilly\/#website","url":"https:\/\/textes.com\/sites\/ipag\/bch3\/ardilly\/","name":"MMA Evolution","description":"La technique, le mental, la force\u2026 \u00e9voluez avec nous","publisher":{"@id":"https:\/\/textes.com\/sites\/ipag\/bch3\/ardilly\/#organization"},"potentialAction":[{"@type":"SearchAction","target":{"@type":"EntryPoint","urlTemplate":"https:\/\/textes.com\/sites\/ipag\/bch3\/ardilly\/?s={search_term_string}"},"query-input":{"@type":"PropertyValueSpecification","valueRequired":true,"valueName":"search_term_string"}}],"inLanguage":"fr-FR"},{"@type":"Organization","@id":"https:\/\/textes.com\/sites\/ipag\/bch3\/ardilly\/#organization","name":"MMA Evolution","url":"https:\/\/textes.com\/sites\/ipag\/bch3\/ardilly\/","logo":{"@type":"ImageObject","inLanguage":"fr-FR","@id":"https:\/\/textes.com\/sites\/ipag\/bch3\/ardilly\/#\/schema\/logo\/image\/","url":"https:\/\/textes.com\/sites\/ipag\/bch3\/ardilly\/wp-content\/uploads\/2024\/10\/Logo-MMA-Evolution-e1761901718147.png","contentUrl":"https:\/\/textes.com\/sites\/ipag\/bch3\/ardilly\/wp-content\/uploads\/2024\/10\/Logo-MMA-Evolution-e1761901718147.png","width":512,"height":517,"caption":"MMA Evolution"},"image":{"@id":"https:\/\/textes.com\/sites\/ipag\/bch3\/ardilly\/#\/schema\/logo\/image\/"}}]}},"_links":{"self":[{"href":"https:\/\/textes.com\/sites\/ipag\/bch3\/ardilly\/wp-json\/wp\/v2\/pages\/8","targetHints":{"allow":["GET"]}}],"collection":[{"href":"https:\/\/textes.com\/sites\/ipag\/bch3\/ardilly\/wp-json\/wp\/v2\/pages"}],"about":[{"href":"https:\/\/textes.com\/sites\/ipag\/bch3\/ardilly\/wp-json\/wp\/v2\/types\/page"}],"author":[{"embeddable":true,"href":"https:\/\/textes.com\/sites\/ipag\/bch3\/ardilly\/wp-json\/wp\/v2\/users\/1"}],"replies":[{"embeddable":true,"href":"https:\/\/textes.com\/sites\/ipag\/bch3\/ardilly\/wp-json\/wp\/v2\/comments?post=8"}],"version-history":[{"count":19,"href":"https:\/\/textes.com\/sites\/ipag\/bch3\/ardilly\/wp-json\/wp\/v2\/pages\/8\/revisions"}],"predecessor-version":[{"id":1100,"href":"https:\/\/textes.com\/sites\/ipag\/bch3\/ardilly\/wp-json\/wp\/v2\/pages\/8\/revisions\/1100"}],"wp:attachment":[{"href":"https:\/\/textes.com\/sites\/ipag\/bch3\/ardilly\/wp-json\/wp\/v2\/media?parent=8"}],"curies":[{"name":"wp","href":"https:\/\/api.w.org\/{rel}","templated":true}]}}