{"id":90,"date":"2025-10-27T11:31:11","date_gmt":"2025-10-27T11:31:11","guid":{"rendered":"https:\/\/textes.com\/sites\/ipag\/bch3\/ardilly\/?post_type=product&#038;p=90"},"modified":"2025-11-24T01:51:35","modified_gmt":"2025-11-24T01:51:35","slug":"pack-mma-starter-initiation","status":"publish","type":"product","link":"https:\/\/textes.com\/sites\/ipag\/bch3\/ardilly\/boutique\/pack-mma-starter-initiation\/","title":{"rendered":"Pack MMA Starter Initiation"},"content":{"rendered":"<h2>Pack MMA Starter Initiation \u2013 Le kit complet pour d\u00e9buter le MMA<\/h2>\n<p>Le <strong>Pack<\/strong> <strong>MMA<\/strong> <strong>Starter<\/strong> Initiation est la solution id\u00e9ale pour tous ceux qui souhaitent d\u00e9couvrir les <strong>arts martiaux mixtes<\/strong> dans les meilleures conditions. Con\u00e7u sp\u00e9cialement pour <strong>d\u00e9butant<\/strong>, ce <strong>pack<\/strong> comprend tous les <strong>essentiels de la MMA<\/strong> pour apprendre, progresser et s\u2019entra\u00eener en toute s\u00e9curit\u00e9, sous la supervision d\u2019un<strong> coach professionnel<\/strong>.<\/p>\n<p>Avec le <strong>Pack MMA Starter<\/strong>, vous b\u00e9n\u00e9ficiez d\u2019un <strong>accompagnement personnalis\u00e9<\/strong> et de conseils adapt\u00e9s pour apprendre des <strong>bases solides<\/strong>, permettant de d\u00e9velopper votre potentiel d\u00e8s les premiers entra\u00eenements.<\/p>\n<h3>Un accompagnement personnalis\u00e9 pour une initiation r\u00e9ussie<\/h3>\n<p>Notre pack Initiation ne se limite pas \u00e0 du mat\u00e9riel mais inclut \u00e9galement un v\u00e9ritable <strong>suivi<\/strong> humain. Vous avez la possibilit\u00e9 d&rsquo;obtenir un <strong>coach personnel<\/strong> sp\u00e9cialis\u00e9 en <strong>MMA<\/strong> qui vous apprendra les <strong>techniques fondamentales<\/strong> :<\/p>\n<ul>\n<li>coups de poing<\/li>\n<li>coups de pied<\/li>\n<li>grappling et transitions au sol tout en travaillant votre condition physique et votre mental.<\/li>\n<\/ul>\n<p>Durant chaque s\u00e9ance, votre <strong>coach<\/strong> vous guidera pas \u00e0 pas en s&rsquo;adaptant \u00e0 votre niveau et \u00e0 vos objectifs. Vous d\u00e9couvrirez les bonnes postures, la gestion du rythme, la pr\u00e9cision des mouvements et les r\u00e9flexes essentiels pour pratiquer le MMA en toute s\u00e9curit\u00e9.<\/p>\n<h3>Pack MMA Starter : des \u00e9quipements et conseils de qualit\u00e9 professionnelle<\/h3>\n<p>Le <strong>Pack<\/strong> <strong>MMA<\/strong> <strong>Starter<\/strong> <strong>Initiation<\/strong> inclut \u00e9galement une s\u00e9lection d\u2019<strong>\u00e9quipements<\/strong> recommand\u00e9s par des <strong>coachs exp\u00e9riment\u00e9s<\/strong> :<\/p>\n<ul>\n<li><strong>Gants<\/strong> de MMA ergonomiques pour prot\u00e9ger vos mains et vos articulations<\/li>\n<li><strong>Prot\u00e8ge-dents<\/strong> et <strong>coquille de protection<\/strong> pour un entra\u00eenement sans risque<\/li>\n<li><strong>Bandes de boxe<\/strong> pour un maintien optimal<\/li>\n<li><strong>T-shirt<\/strong> respirant et <strong>short d\u2019entra\u00eenement<\/strong> adapt\u00e9s aux mouvements explosifs du <strong>MMA<\/strong><\/li>\n<\/ul>\n<p>En plus du mat\u00e9riel, votre coach vous apportera des <strong>conseils personnalis\u00e9s<\/strong> sur la <strong>nutrition<\/strong>, \u00e9l\u00e9ment essentiel pour progresser rapidement et d\u00e9velopper votre endurance. Vous apprendrez \u00e0 \u00e9quilibrer vos repas, \u00e0 favoriser la r\u00e9cup\u00e9ration et \u00e0 optimiser vos performances.<\/p>\n<h3><strong>Pourquoi choisir le Pack MMA Starter Initiation ?<\/strong><\/h3>\n<ul>\n<li>Id\u00e9al pour les <strong>d\u00e9butant<\/strong>s souhaitant apprendre le MMA dans un cadre s\u00e9curis\u00e9<\/li>\n<li><strong>Accompagnement<\/strong> par un <strong>coach certifi\u00e9<\/strong> et passionn\u00e9<\/li>\n<li><strong>Conseils nutritionnels<\/strong> adapt\u00e9s aux besoins d\u2019un <strong>combattant<\/strong><\/li>\n<li>\u00c9quipements s\u00e9lectionn\u00e9s pour confort, s\u00e9curit\u00e9 et performance<\/li>\n<\/ul>\n<p>Le <strong>Pack MMA Starter Initiation<\/strong> est bien plus qu\u2019un simple kit : c\u2019est une exp\u00e9rience compl\u00e8te d\u2019<strong>apprentissage <\/strong>m\u00ealant <strong>entra\u00eenement<\/strong>, <strong>technique<\/strong>, <strong>mental<\/strong> et <strong>bien-\u00eatre<\/strong>. Une opportunit\u00e9 unique de commencer votre <strong>aventure MMA<\/strong> sur des <strong>bases solides<\/strong> et professionnelles.<\/p>\n<p>Plongez-vous dans les coulisses de notre formation au MMA sur <a href=\"https:\/\/instagram.com\" target=\"_blank\" rel=\"noopener\">Instagram<\/a> : vid\u00e9os d\u2019entra\u00eenement, conseils de coachs et transformations inspirantes vous y attendent !<\/p>\n","protected":false},"excerpt":{"rendered":"<h1>Pack MMA Starter Initiation \u2013 Le kit complet pour d\u00e9buter le MMA<\/h1>\n<p>Le <strong>Pack MMA Starter Initiation<\/strong> est le programme id\u00e9al pour <strong>apprendre les bases du MMA<\/strong> dans les meilleures conditions. Ce pack est con\u00e7u pour <strong>d\u00e9butant<\/strong>, il offre un <strong>accompagnement personnalis\u00e9<\/strong> avec un <strong>coach professionnel<\/strong> qui vous guide pas \u00e0 pas pour progresser en toute s\u00e9curit\u00e9.<br \/>\nD\u00e9couvrez les <strong>techniques fondamentales<\/strong> du <strong>MMA<\/strong>, b\u00e9n\u00e9ficiez de <strong>conseils experts<\/strong> sur le <strong>choix<\/strong> des <strong>\u00e9quipements<\/strong> et am\u00e9liorez vos performances gr\u00e2ce \u00e0 un <strong>suivi nutritionnel<\/strong> adapt\u00e9.<br \/>\nLe <strong>Pack MMA Starter<\/strong> vous permet de d\u00e9velopper votre <strong>technique<\/strong>, votre <strong>mental<\/strong> et votre <strong>condition physique<\/strong> tout en profitant d\u2019une exp\u00e9rience humaine unique. C\u2019est la <strong>solution<\/strong> parfaite <strong>pour d\u00e9buter le MMA<\/strong> de mani\u00e8re encadr\u00e9e, efficace et motivante.<\/p>\n","protected":false},"featured_media":718,"comment_status":"open","ping_status":"closed","template":"","meta":[],"product_brand":[],"product_cat":[15],"product_tag":[],"class_list":{"0":"post-90","1":"product","2":"type-product","3":"status-publish","4":"has-post-thumbnail","6":"product_cat-nos-packs","8":"first","9":"instock","10":"shipping-taxable","11":"purchasable","12":"product-type-simple"},"yoast_head":"<!-- This site is optimized with the Yoast SEO plugin v27.5 - https:\/\/yoast.com\/product\/yoast-seo-wordpress\/ -->\n<title>Pack MMA Starter | d\u00e9buter en arts martiaux mixtes | kit essentiel<\/title>\n<meta name=\"description\" content=\"D\u00e9couvrez les essentiels pour d\u00e9buter le MMA avec notre Pack MMA Starter Id\u00e9al pour apprendre les bases du MMA pour un d\u00e9butant &amp; pour les jeunes passionn\u00e9s\" \/>\n<meta name=\"robots\" content=\"index, follow, max-snippet:-1, max-image-preview:large, max-video-preview:-1\" \/>\n<link rel=\"canonical\" href=\"https:\/\/textes.com\/sites\/ipag\/bch3\/ardilly\/boutique\/pack-mma-starter-initiation\/\" \/>\n<meta property=\"og:locale\" content=\"fr_FR\" \/>\n<meta property=\"og:type\" content=\"article\" \/>\n<meta property=\"og:title\" content=\"Pack MMA Starter | d\u00e9buter en arts martiaux mixtes | kit essentiel\" \/>\n<meta property=\"og:description\" content=\"D\u00e9couvrez les essentiels pour d\u00e9buter le MMA avec notre Pack MMA Starter Id\u00e9al pour apprendre les bases du MMA pour un d\u00e9butant &amp; pour les jeunes passionn\u00e9s\" \/>\n<meta property=\"og:url\" content=\"https:\/\/textes.com\/sites\/ipag\/bch3\/ardilly\/boutique\/pack-mma-starter-initiation\/\" \/>\n<meta property=\"og:site_name\" content=\"MMA Evolution\" \/>\n<meta property=\"article:modified_time\" content=\"2025-11-24T01:51:35+00:00\" \/>\n<meta property=\"og:image\" content=\"https:\/\/textes.com\/sites\/ipag\/bch3\/ardilly\/wp-content\/uploads\/2025\/10\/Pack-MMA-Starter-Initiation-500x500-1.webp\" \/>\n\t<meta property=\"og:image:width\" content=\"500\" \/>\n\t<meta property=\"og:image:height\" content=\"500\" \/>\n\t<meta property=\"og:image:type\" content=\"image\/webp\" \/>\n<meta name=\"twitter:card\" content=\"summary_large_image\" \/>\n<meta name=\"twitter:label1\" content=\"Dur\u00e9e de lecture estim\u00e9e\" \/>\n\t<meta name=\"twitter:data1\" content=\"3 minutes\" \/>\n<script type=\"application\/ld+json\" class=\"yoast-schema-graph\">{\"@context\":\"https:\\\/\\\/schema.org\",\"@graph\":[{\"@type\":\"WebPage\",\"@id\":\"https:\\\/\\\/textes.com\\\/sites\\\/ipag\\\/bch3\\\/ardilly\\\/boutique\\\/pack-mma-starter-initiation\\\/\",\"url\":\"https:\\\/\\\/textes.com\\\/sites\\\/ipag\\\/bch3\\\/ardilly\\\/boutique\\\/pack-mma-starter-initiation\\\/\",\"name\":\"Pack MMA Starter | d\u00e9buter en arts martiaux mixtes | kit essentiel\",\"isPartOf\":{\"@id\":\"https:\\\/\\\/textes.com\\\/sites\\\/ipag\\\/bch3\\\/ardilly\\\/#website\"},\"primaryImageOfPage\":{\"@id\":\"https:\\\/\\\/textes.com\\\/sites\\\/ipag\\\/bch3\\\/ardilly\\\/boutique\\\/pack-mma-starter-initiation\\\/#primaryimage\"},\"image\":{\"@id\":\"https:\\\/\\\/textes.com\\\/sites\\\/ipag\\\/bch3\\\/ardilly\\\/boutique\\\/pack-mma-starter-initiation\\\/#primaryimage\"},\"thumbnailUrl\":\"https:\\\/\\\/textes.com\\\/sites\\\/ipag\\\/bch3\\\/ardilly\\\/wp-content\\\/uploads\\\/2025\\\/10\\\/Pack-MMA-Starter-Initiation-500x500-1.webp\",\"datePublished\":\"2025-10-27T11:31:11+00:00\",\"dateModified\":\"2025-11-24T01:51:35+00:00\",\"description\":\"D\u00e9couvrez les essentiels pour d\u00e9buter le MMA avec notre Pack MMA Starter Id\u00e9al pour apprendre les bases du MMA pour un d\u00e9butant & pour les jeunes passionn\u00e9s\",\"breadcrumb\":{\"@id\":\"https:\\\/\\\/textes.com\\\/sites\\\/ipag\\\/bch3\\\/ardilly\\\/boutique\\\/pack-mma-starter-initiation\\\/#breadcrumb\"},\"inLanguage\":\"fr-FR\",\"potentialAction\":[{\"@type\":\"ReadAction\",\"target\":[\"https:\\\/\\\/textes.com\\\/sites\\\/ipag\\\/bch3\\\/ardilly\\\/boutique\\\/pack-mma-starter-initiation\\\/\"]}]},{\"@type\":\"ImageObject\",\"inLanguage\":\"fr-FR\",\"@id\":\"https:\\\/\\\/textes.com\\\/sites\\\/ipag\\\/bch3\\\/ardilly\\\/boutique\\\/pack-mma-starter-initiation\\\/#primaryimage\",\"url\":\"https:\\\/\\\/textes.com\\\/sites\\\/ipag\\\/bch3\\\/ardilly\\\/wp-content\\\/uploads\\\/2025\\\/10\\\/Pack-MMA-Starter-Initiation-500x500-1.webp\",\"contentUrl\":\"https:\\\/\\\/textes.com\\\/sites\\\/ipag\\\/bch3\\\/ardilly\\\/wp-content\\\/uploads\\\/2025\\\/10\\\/Pack-MMA-Starter-Initiation-500x500-1.webp\",\"width\":500,\"height\":500,\"caption\":\"Pack-MMA-Starter-Initiation 500x500\"},{\"@type\":\"BreadcrumbList\",\"@id\":\"https:\\\/\\\/textes.com\\\/sites\\\/ipag\\\/bch3\\\/ardilly\\\/boutique\\\/pack-mma-starter-initiation\\\/#breadcrumb\",\"itemListElement\":[{\"@type\":\"ListItem\",\"position\":1,\"name\":\"Home\",\"item\":\"https:\\\/\\\/textes.com\\\/sites\\\/ipag\\\/bch3\\\/ardilly\\\/\"},{\"@type\":\"ListItem\",\"position\":2,\"name\":\"Produits\",\"item\":\"https:\\\/\\\/textes.com\\\/sites\\\/ipag\\\/bch3\\\/ardilly\\\/boutique\\\/\"},{\"@type\":\"ListItem\",\"position\":3,\"name\":\"Pack MMA Starter Initiation\"}]},{\"@type\":\"WebSite\",\"@id\":\"https:\\\/\\\/textes.com\\\/sites\\\/ipag\\\/bch3\\\/ardilly\\\/#website\",\"url\":\"https:\\\/\\\/textes.com\\\/sites\\\/ipag\\\/bch3\\\/ardilly\\\/\",\"name\":\"MMA Evolution\",\"description\":\"La technique, le mental, la force\u2026 \u00e9voluez avec nous\",\"publisher\":{\"@id\":\"https:\\\/\\\/textes.com\\\/sites\\\/ipag\\\/bch3\\\/ardilly\\\/#organization\"},\"potentialAction\":[{\"@type\":\"SearchAction\",\"target\":{\"@type\":\"EntryPoint\",\"urlTemplate\":\"https:\\\/\\\/textes.com\\\/sites\\\/ipag\\\/bch3\\\/ardilly\\\/?s={search_term_string}\"},\"query-input\":{\"@type\":\"PropertyValueSpecification\",\"valueRequired\":true,\"valueName\":\"search_term_string\"}}],\"inLanguage\":\"fr-FR\"},{\"@type\":\"Organization\",\"@id\":\"https:\\\/\\\/textes.com\\\/sites\\\/ipag\\\/bch3\\\/ardilly\\\/#organization\",\"name\":\"MMA Evolution\",\"url\":\"https:\\\/\\\/textes.com\\\/sites\\\/ipag\\\/bch3\\\/ardilly\\\/\",\"logo\":{\"@type\":\"ImageObject\",\"inLanguage\":\"fr-FR\",\"@id\":\"https:\\\/\\\/textes.com\\\/sites\\\/ipag\\\/bch3\\\/ardilly\\\/#\\\/schema\\\/logo\\\/image\\\/\",\"url\":\"https:\\\/\\\/textes.com\\\/sites\\\/ipag\\\/bch3\\\/ardilly\\\/wp-content\\\/uploads\\\/2024\\\/10\\\/Logo-MMA-Evolution-e1761901718147.png\",\"contentUrl\":\"https:\\\/\\\/textes.com\\\/sites\\\/ipag\\\/bch3\\\/ardilly\\\/wp-content\\\/uploads\\\/2024\\\/10\\\/Logo-MMA-Evolution-e1761901718147.png\",\"width\":512,\"height\":517,\"caption\":\"MMA Evolution\"},\"image\":{\"@id\":\"https:\\\/\\\/textes.com\\\/sites\\\/ipag\\\/bch3\\\/ardilly\\\/#\\\/schema\\\/logo\\\/image\\\/\"}}]}<\/script>\n<!-- \/ Yoast SEO plugin. -->","yoast_head_json":{"title":"Pack MMA Starter | d\u00e9buter en arts martiaux mixtes | kit essentiel","description":"D\u00e9couvrez les essentiels pour d\u00e9buter le MMA avec notre Pack MMA Starter Id\u00e9al pour apprendre les bases du MMA pour un d\u00e9butant & pour les jeunes passionn\u00e9s","robots":{"index":"index","follow":"follow","max-snippet":"max-snippet:-1","max-image-preview":"max-image-preview:large","max-video-preview":"max-video-preview:-1"},"canonical":"https:\/\/textes.com\/sites\/ipag\/bch3\/ardilly\/boutique\/pack-mma-starter-initiation\/","og_locale":"fr_FR","og_type":"article","og_title":"Pack MMA Starter | d\u00e9buter en arts martiaux mixtes | kit essentiel","og_description":"D\u00e9couvrez les essentiels pour d\u00e9buter le MMA avec notre Pack MMA Starter Id\u00e9al pour apprendre les bases du MMA pour un d\u00e9butant & pour les jeunes passionn\u00e9s","og_url":"https:\/\/textes.com\/sites\/ipag\/bch3\/ardilly\/boutique\/pack-mma-starter-initiation\/","og_site_name":"MMA Evolution","article_modified_time":"2025-11-24T01:51:35+00:00","og_image":[{"width":500,"height":500,"url":"https:\/\/textes.com\/sites\/ipag\/bch3\/ardilly\/wp-content\/uploads\/2025\/10\/Pack-MMA-Starter-Initiation-500x500-1.webp","type":"image\/webp"}],"twitter_card":"summary_large_image","twitter_misc":{"Dur\u00e9e de lecture estim\u00e9e":"3 minutes"},"schema":{"@context":"https:\/\/schema.org","@graph":[{"@type":"WebPage","@id":"https:\/\/textes.com\/sites\/ipag\/bch3\/ardilly\/boutique\/pack-mma-starter-initiation\/","url":"https:\/\/textes.com\/sites\/ipag\/bch3\/ardilly\/boutique\/pack-mma-starter-initiation\/","name":"Pack MMA Starter | d\u00e9buter en arts martiaux mixtes | kit essentiel","isPartOf":{"@id":"https:\/\/textes.com\/sites\/ipag\/bch3\/ardilly\/#website"},"primaryImageOfPage":{"@id":"https:\/\/textes.com\/sites\/ipag\/bch3\/ardilly\/boutique\/pack-mma-starter-initiation\/#primaryimage"},"image":{"@id":"https:\/\/textes.com\/sites\/ipag\/bch3\/ardilly\/boutique\/pack-mma-starter-initiation\/#primaryimage"},"thumbnailUrl":"https:\/\/textes.com\/sites\/ipag\/bch3\/ardilly\/wp-content\/uploads\/2025\/10\/Pack-MMA-Starter-Initiation-500x500-1.webp","datePublished":"2025-10-27T11:31:11+00:00","dateModified":"2025-11-24T01:51:35+00:00","description":"D\u00e9couvrez les essentiels pour d\u00e9buter le MMA avec notre Pack MMA Starter Id\u00e9al pour apprendre les bases du MMA pour un d\u00e9butant & pour les jeunes passionn\u00e9s","breadcrumb":{"@id":"https:\/\/textes.com\/sites\/ipag\/bch3\/ardilly\/boutique\/pack-mma-starter-initiation\/#breadcrumb"},"inLanguage":"fr-FR","potentialAction":[{"@type":"ReadAction","target":["https:\/\/textes.com\/sites\/ipag\/bch3\/ardilly\/boutique\/pack-mma-starter-initiation\/"]}]},{"@type":"ImageObject","inLanguage":"fr-FR","@id":"https:\/\/textes.com\/sites\/ipag\/bch3\/ardilly\/boutique\/pack-mma-starter-initiation\/#primaryimage","url":"https:\/\/textes.com\/sites\/ipag\/bch3\/ardilly\/wp-content\/uploads\/2025\/10\/Pack-MMA-Starter-Initiation-500x500-1.webp","contentUrl":"https:\/\/textes.com\/sites\/ipag\/bch3\/ardilly\/wp-content\/uploads\/2025\/10\/Pack-MMA-Starter-Initiation-500x500-1.webp","width":500,"height":500,"caption":"Pack-MMA-Starter-Initiation 500x500"},{"@type":"BreadcrumbList","@id":"https:\/\/textes.com\/sites\/ipag\/bch3\/ardilly\/boutique\/pack-mma-starter-initiation\/#breadcrumb","itemListElement":[{"@type":"ListItem","position":1,"name":"Home","item":"https:\/\/textes.com\/sites\/ipag\/bch3\/ardilly\/"},{"@type":"ListItem","position":2,"name":"Produits","item":"https:\/\/textes.com\/sites\/ipag\/bch3\/ardilly\/boutique\/"},{"@type":"ListItem","position":3,"name":"Pack MMA Starter Initiation"}]},{"@type":"WebSite","@id":"https:\/\/textes.com\/sites\/ipag\/bch3\/ardilly\/#website","url":"https:\/\/textes.com\/sites\/ipag\/bch3\/ardilly\/","name":"MMA Evolution","description":"La technique, le mental, la force\u2026 \u00e9voluez avec nous","publisher":{"@id":"https:\/\/textes.com\/sites\/ipag\/bch3\/ardilly\/#organization"},"potentialAction":[{"@type":"SearchAction","target":{"@type":"EntryPoint","urlTemplate":"https:\/\/textes.com\/sites\/ipag\/bch3\/ardilly\/?s={search_term_string}"},"query-input":{"@type":"PropertyValueSpecification","valueRequired":true,"valueName":"search_term_string"}}],"inLanguage":"fr-FR"},{"@type":"Organization","@id":"https:\/\/textes.com\/sites\/ipag\/bch3\/ardilly\/#organization","name":"MMA Evolution","url":"https:\/\/textes.com\/sites\/ipag\/bch3\/ardilly\/","logo":{"@type":"ImageObject","inLanguage":"fr-FR","@id":"https:\/\/textes.com\/sites\/ipag\/bch3\/ardilly\/#\/schema\/logo\/image\/","url":"https:\/\/textes.com\/sites\/ipag\/bch3\/ardilly\/wp-content\/uploads\/2024\/10\/Logo-MMA-Evolution-e1761901718147.png","contentUrl":"https:\/\/textes.com\/sites\/ipag\/bch3\/ardilly\/wp-content\/uploads\/2024\/10\/Logo-MMA-Evolution-e1761901718147.png","width":512,"height":517,"caption":"MMA Evolution"},"image":{"@id":"https:\/\/textes.com\/sites\/ipag\/bch3\/ardilly\/#\/schema\/logo\/image\/"}}]}},"_links":{"self":[{"href":"https:\/\/textes.com\/sites\/ipag\/bch3\/ardilly\/wp-json\/wp\/v2\/product\/90","targetHints":{"allow":["GET"]}}],"collection":[{"href":"https:\/\/textes.com\/sites\/ipag\/bch3\/ardilly\/wp-json\/wp\/v2\/product"}],"about":[{"href":"https:\/\/textes.com\/sites\/ipag\/bch3\/ardilly\/wp-json\/wp\/v2\/types\/product"}],"replies":[{"embeddable":true,"href":"https:\/\/textes.com\/sites\/ipag\/bch3\/ardilly\/wp-json\/wp\/v2\/comments?post=90"}],"version-history":[{"count":11,"href":"https:\/\/textes.com\/sites\/ipag\/bch3\/ardilly\/wp-json\/wp\/v2\/product\/90\/revisions"}],"predecessor-version":[{"id":917,"href":"https:\/\/textes.com\/sites\/ipag\/bch3\/ardilly\/wp-json\/wp\/v2\/product\/90\/revisions\/917"}],"wp:featuredmedia":[{"embeddable":true,"href":"https:\/\/textes.com\/sites\/ipag\/bch3\/ardilly\/wp-json\/wp\/v2\/media\/718"}],"wp:attachment":[{"href":"https:\/\/textes.com\/sites\/ipag\/bch3\/ardilly\/wp-json\/wp\/v2\/media?parent=90"}],"wp:term":[{"taxonomy":"product_brand","embeddable":true,"href":"https:\/\/textes.com\/sites\/ipag\/bch3\/ardilly\/wp-json\/wp\/v2\/product_brand?post=90"},{"taxonomy":"product_cat","embeddable":true,"href":"https:\/\/textes.com\/sites\/ipag\/bch3\/ardilly\/wp-json\/wp\/v2\/product_cat?post=90"},{"taxonomy":"product_tag","embeddable":true,"href":"https:\/\/textes.com\/sites\/ipag\/bch3\/ardilly\/wp-json\/wp\/v2\/product_tag?post=90"}],"curies":[{"name":"wp","href":"https:\/\/api.w.org\/{rel}","templated":true}]}}